{"id":2619,"date":"2023-10-14T10:15:08","date_gmt":"2023-10-14T08:15:08","guid":{"rendered":"https:\/\/arcobalenocolorlab.it\/shop\/prodotto\/senza-categoria\/wagner-pistola-a-spruzzo-w200-wood-metal-copy\/"},"modified":"2025-12-11T09:11:36","modified_gmt":"2025-12-11T08:11:36","slug":"wagner-w690-flexio","status":"publish","type":"product","link":"https:\/\/arcobalenocolorlab.it\/shop\/prodotto\/accessori\/attrezzatura\/wagner-w690-flexio\/","title":{"rendered":"WAGNER Pistola a bassa pressione W690 Flexio"},"content":{"rendered":"<div class=\"specifiche-prodotto\">\n<div><img decoding=\"async\" class=\"alignnone size-full wp-image-2625 lazyload\" data-src=\"https:\/\/arcobalenocolorlab.it\/shop\/wp-content\/uploads\/2023\/10\/wagner-logo.webp\" alt=\"\" width=\"100\" height=\"35\" src=\"data:image\/svg+xml;base64,PHN2ZyB3aWR0aD0iMSIgaGVpZ2h0PSIxIiB4bWxucz0iaHR0cDovL3d3dy53My5vcmcvMjAwMC9zdmciPjwvc3ZnPg==\" style=\"--smush-placeholder-width: 100px; --smush-placeholder-aspect-ratio: 100\/35;\" \/><\/div>\n<div class=\"subtitle\"><strong>SPECIFICHE<\/strong><\/div>\n<p>Article number: 2361543<br \/>\nMateriale applicabile: vernici per pareti, smalti e velature<br \/>\nDimensioni del progetto: piccolo &#8211; grandi<br \/>\nSuperficie coperta: 15 m\u00b2-6 min<br \/>\nEstrazione vernice: a regolazione continua, 0-400 ml\/min<br \/>\nPotenza di nebulizzazione: 200 W<br \/>\nConsumo energetico: 630 W<br \/>\nViscosit\u00e0 max.: supporta tutti i materiali pi\u00f9 comuni senza diluizione (diluire al 10% in caso di superfici lisce e vernici particolarmente dense e gelatinose)<br \/>\nVolume serbatoio: 1800 ml per pareti, 800 ml per smalti e velature<br \/>\nLunghezza tubo: 3,5 m<\/p>\n<div><\/div>\n<\/div>\n<div class=\"specifiche-prodotto\">\n<div class=\"subtitle\"><strong>CONFIGURAZIONI<\/strong><\/div>\n<div class=\"specifica-prodotto-item\">Volume serbatoio: 1800 ml per pareti, 800 ml per smalti e velature<br \/>\nLunghezza tubo: 3,5 m<\/div>\n<\/div>\n","protected":false},"excerpt":{"rendered":"<p>La W690 Flexio offre due sistemi di verniciatura in un\u2019unica confezione: le due pistole la rendono adatta sia per pitture murali da interni che smalti ed impregnanti. E\u2019 possibile utilizzarla sia per verniciare pareti e soffitti grazie al sistema che tiene sottopressione la tazza.<\/p>\n<p>E\u2019 adatta per l\u2019applicazione di pitture da interno, vernici per legno e metallo garantendo una finitura liscia anche su superfici difficili.<br \/>\nIl risultato \u00e8 sempre eccezionale!<\/p>\n<p>Con Flexio W690 potrai regolare l\u2019aria in base alla tua esigenza riducendo l\u2019overspray al minimo in caso di applicazione di prodotti molto liquidi. Nel Kit troverai inclusa la pratica prolunga da 50 cm che rende pi\u00f9 facile la verniciatura a soffitto e a pavimento.<\/p>\n<p>Con la tecnologia Click&amp;Paint, oltre alle pistole gi\u00e0 incluse nel kit, \u00e8 possibile scegliere tra tutte le altre pistole della gamma, quella pi\u00f9 adatta al prodotto da applicare ed al lavoro da svolgere.<\/p>\n<h3><strong>Disponibile in 7\/10 gg lavorativi<\/strong><\/h3>\n","protected":false},"featured_media":2621,"comment_status":"open","ping_status":"closed","template":"","meta":[],"product_brand":[],"product_cat":[288,319],"product_tag":[],"class_list":{"0":"post-2619","1":"product","2":"type-product","3":"status-publish","4":"has-post-thumbnail","6":"product_cat-attrezzatura","7":"product_cat-offerte","9":"first","10":"instock","11":"sale","12":"taxable","13":"shipping-taxable","14":"purchasable","15":"product-type-simple"},"yoast_head":"<!-- This site is optimized with the Yoast SEO plugin v27.4 - https:\/\/yoast.com\/product\/yoast-seo-wordpress\/ -->\n<title>WAGNER Pistola a bassa pressione W690 Flexio - Arcobaleno Colorlab<\/title>\n<meta name=\"robots\" content=\"index, follow, max-snippet:-1, max-image-preview:large, max-video-preview:-1\" \/>\n<link rel=\"canonical\" href=\"https:\/\/arcobalenocolorlab.it\/shop\/prodotto\/accessori\/attrezzatura\/wagner-w690-flexio\/\" \/>\n<meta property=\"og:locale\" content=\"it_IT\" \/>\n<meta property=\"og:type\" content=\"article\" \/>\n<meta property=\"og:title\" content=\"WAGNER Pistola a bassa pressione W690 Flexio - Arcobaleno Colorlab\" \/>\n<meta property=\"og:description\" content=\"La W690 Flexio offre due sistemi di verniciatura in un\u2019unica confezione: le due pistole la rendono adatta sia per pitture murali da interni che smalti ed impregnanti. E\u2019 possibile utilizzarla sia per verniciare pareti e soffitti grazie al sistema che tiene sottopressione la tazza.  E\u2019 adatta per l\u2019applicazione di pitture da interno, vernici per legno e metallo garantendo una finitura liscia anche su superfici difficili. Il risultato \u00e8 sempre eccezionale!  Con Flexio W690 potrai regolare l\u2019aria in base alla tua esigenza riducendo l\u2019overspray al minimo in caso di applicazione di prodotti molto liquidi. Nel Kit troverai inclusa la pratica prolunga da 50 cm che rende pi\u00f9 facile la verniciatura a soffitto e a pavimento.  Con la tecnologia Click&amp;Paint, oltre alle pistole gi\u00e0 incluse nel kit, \u00e8 possibile scegliere tra tutte le altre pistole della gamma, quella pi\u00f9 adatta al prodotto da applicare ed al lavoro da svolgere. Disponibile in 7\/10 gg lavorativi\" \/>\n<meta property=\"og:url\" content=\"https:\/\/arcobalenocolorlab.it\/shop\/prodotto\/accessori\/attrezzatura\/wagner-w690-flexio\/\" \/>\n<meta property=\"og:site_name\" content=\"Arcobaleno Colorlab\" \/>\n<meta property=\"article:modified_time\" content=\"2025-12-11T08:11:36+00:00\" \/>\n<meta property=\"og:image\" content=\"https:\/\/arcobalenocolorlab.it\/shop\/wp-content\/uploads\/2023\/10\/w690-1.webp\" \/>\n\t<meta property=\"og:image:width\" content=\"750\" \/>\n\t<meta property=\"og:image:height\" content=\"482\" \/>\n\t<meta property=\"og:image:type\" content=\"image\/webp\" \/>\n<meta name=\"twitter:card\" content=\"summary_large_image\" \/>\n<script type=\"application\/ld+json\" class=\"yoast-schema-graph\">{\"@context\":\"https:\\\/\\\/schema.org\",\"@graph\":[{\"@type\":\"WebPage\",\"@id\":\"https:\\\/\\\/arcobalenocolorlab.it\\\/shop\\\/prodotto\\\/accessori\\\/attrezzatura\\\/wagner-w690-flexio\\\/\",\"url\":\"https:\\\/\\\/arcobalenocolorlab.it\\\/shop\\\/prodotto\\\/accessori\\\/attrezzatura\\\/wagner-w690-flexio\\\/\",\"name\":\"WAGNER Pistola a bassa pressione W690 Flexio - Arcobaleno Colorlab\",\"isPartOf\":{\"@id\":\"https:\\\/\\\/arcobalenocolorlab.it\\\/shop\\\/#website\"},\"primaryImageOfPage\":{\"@id\":\"https:\\\/\\\/arcobalenocolorlab.it\\\/shop\\\/prodotto\\\/accessori\\\/attrezzatura\\\/wagner-w690-flexio\\\/#primaryimage\"},\"image\":{\"@id\":\"https:\\\/\\\/arcobalenocolorlab.it\\\/shop\\\/prodotto\\\/accessori\\\/attrezzatura\\\/wagner-w690-flexio\\\/#primaryimage\"},\"thumbnailUrl\":\"https:\\\/\\\/arcobalenocolorlab.it\\\/shop\\\/wp-content\\\/uploads\\\/2023\\\/10\\\/w690-1.webp\",\"datePublished\":\"2023-10-14T08:15:08+00:00\",\"dateModified\":\"2025-12-11T08:11:36+00:00\",\"breadcrumb\":{\"@id\":\"https:\\\/\\\/arcobalenocolorlab.it\\\/shop\\\/prodotto\\\/accessori\\\/attrezzatura\\\/wagner-w690-flexio\\\/#breadcrumb\"},\"inLanguage\":\"it-IT\",\"potentialAction\":[{\"@type\":\"ReadAction\",\"target\":[\"https:\\\/\\\/arcobalenocolorlab.it\\\/shop\\\/prodotto\\\/accessori\\\/attrezzatura\\\/wagner-w690-flexio\\\/\"]}]},{\"@type\":\"ImageObject\",\"inLanguage\":\"it-IT\",\"@id\":\"https:\\\/\\\/arcobalenocolorlab.it\\\/shop\\\/prodotto\\\/accessori\\\/attrezzatura\\\/wagner-w690-flexio\\\/#primaryimage\",\"url\":\"https:\\\/\\\/arcobalenocolorlab.it\\\/shop\\\/wp-content\\\/uploads\\\/2023\\\/10\\\/w690-1.webp\",\"contentUrl\":\"https:\\\/\\\/arcobalenocolorlab.it\\\/shop\\\/wp-content\\\/uploads\\\/2023\\\/10\\\/w690-1.webp\",\"width\":750,\"height\":482},{\"@type\":\"BreadcrumbList\",\"@id\":\"https:\\\/\\\/arcobalenocolorlab.it\\\/shop\\\/prodotto\\\/accessori\\\/attrezzatura\\\/wagner-w690-flexio\\\/#breadcrumb\",\"itemListElement\":[{\"@type\":\"ListItem\",\"position\":1,\"name\":\"Home\",\"item\":\"https:\\\/\\\/arcobalenocolorlab.it\\\/shop\\\/\"},{\"@type\":\"ListItem\",\"position\":2,\"name\":\"Shop\",\"item\":\"https:\\\/\\\/arcobalenocolorlab.it\\\/shop\\\/shop\\\/\"},{\"@type\":\"ListItem\",\"position\":3,\"name\":\"WAGNER Pistola a bassa pressione W690 Flexio\"}]},{\"@type\":\"WebSite\",\"@id\":\"https:\\\/\\\/arcobalenocolorlab.it\\\/shop\\\/#website\",\"url\":\"https:\\\/\\\/arcobalenocolorlab.it\\\/shop\\\/\",\"name\":\"Arcobaleno Colorlab\",\"description\":\"\",\"publisher\":{\"@id\":\"https:\\\/\\\/arcobalenocolorlab.it\\\/shop\\\/#organization\"},\"potentialAction\":[{\"@type\":\"SearchAction\",\"target\":{\"@type\":\"EntryPoint\",\"urlTemplate\":\"https:\\\/\\\/arcobalenocolorlab.it\\\/shop\\\/?s={search_term_string}\"},\"query-input\":{\"@type\":\"PropertyValueSpecification\",\"valueRequired\":true,\"valueName\":\"search_term_string\"}}],\"inLanguage\":\"it-IT\"},{\"@type\":\"Organization\",\"@id\":\"https:\\\/\\\/arcobalenocolorlab.it\\\/shop\\\/#organization\",\"name\":\"Arcobaleno Colorlab\",\"url\":\"https:\\\/\\\/arcobalenocolorlab.it\\\/shop\\\/\",\"logo\":{\"@type\":\"ImageObject\",\"inLanguage\":\"it-IT\",\"@id\":\"https:\\\/\\\/arcobalenocolorlab.it\\\/shop\\\/#\\\/schema\\\/logo\\\/image\\\/\",\"url\":\"https:\\\/\\\/arcobalenocolorlab.it\\\/shop\\\/wp-content\\\/uploads\\\/2020\\\/09\\\/logo-arcobaleno.png\",\"contentUrl\":\"https:\\\/\\\/arcobalenocolorlab.it\\\/shop\\\/wp-content\\\/uploads\\\/2020\\\/09\\\/logo-arcobaleno.png\",\"width\":300,\"height\":250,\"caption\":\"Arcobaleno Colorlab\"},\"image\":{\"@id\":\"https:\\\/\\\/arcobalenocolorlab.it\\\/shop\\\/#\\\/schema\\\/logo\\\/image\\\/\"}}]}<\/script>\n<!-- \/ Yoast SEO plugin. -->","yoast_head_json":{"title":"WAGNER Pistola a bassa pressione W690 Flexio - Arcobaleno Colorlab","robots":{"index":"index","follow":"follow","max-snippet":"max-snippet:-1","max-image-preview":"max-image-preview:large","max-video-preview":"max-video-preview:-1"},"canonical":"https:\/\/arcobalenocolorlab.it\/shop\/prodotto\/accessori\/attrezzatura\/wagner-w690-flexio\/","og_locale":"it_IT","og_type":"article","og_title":"WAGNER Pistola a bassa pressione W690 Flexio - Arcobaleno Colorlab","og_description":"La W690 Flexio offre due sistemi di verniciatura in un\u2019unica confezione: le due pistole la rendono adatta sia per pitture murali da interni che smalti ed impregnanti. E\u2019 possibile utilizzarla sia per verniciare pareti e soffitti grazie al sistema che tiene sottopressione la tazza.  E\u2019 adatta per l\u2019applicazione di pitture da interno, vernici per legno e metallo garantendo una finitura liscia anche su superfici difficili. Il risultato \u00e8 sempre eccezionale!  Con Flexio W690 potrai regolare l\u2019aria in base alla tua esigenza riducendo l\u2019overspray al minimo in caso di applicazione di prodotti molto liquidi. Nel Kit troverai inclusa la pratica prolunga da 50 cm che rende pi\u00f9 facile la verniciatura a soffitto e a pavimento.  Con la tecnologia Click&amp;Paint, oltre alle pistole gi\u00e0 incluse nel kit, \u00e8 possibile scegliere tra tutte le altre pistole della gamma, quella pi\u00f9 adatta al prodotto da applicare ed al lavoro da svolgere. Disponibile in 7\/10 gg lavorativi","og_url":"https:\/\/arcobalenocolorlab.it\/shop\/prodotto\/accessori\/attrezzatura\/wagner-w690-flexio\/","og_site_name":"Arcobaleno Colorlab","article_modified_time":"2025-12-11T08:11:36+00:00","og_image":[{"width":750,"height":482,"url":"https:\/\/arcobalenocolorlab.it\/shop\/wp-content\/uploads\/2023\/10\/w690-1.webp","type":"image\/webp"}],"twitter_card":"summary_large_image","schema":{"@context":"https:\/\/schema.org","@graph":[{"@type":"WebPage","@id":"https:\/\/arcobalenocolorlab.it\/shop\/prodotto\/accessori\/attrezzatura\/wagner-w690-flexio\/","url":"https:\/\/arcobalenocolorlab.it\/shop\/prodotto\/accessori\/attrezzatura\/wagner-w690-flexio\/","name":"WAGNER Pistola a bassa pressione W690 Flexio - Arcobaleno Colorlab","isPartOf":{"@id":"https:\/\/arcobalenocolorlab.it\/shop\/#website"},"primaryImageOfPage":{"@id":"https:\/\/arcobalenocolorlab.it\/shop\/prodotto\/accessori\/attrezzatura\/wagner-w690-flexio\/#primaryimage"},"image":{"@id":"https:\/\/arcobalenocolorlab.it\/shop\/prodotto\/accessori\/attrezzatura\/wagner-w690-flexio\/#primaryimage"},"thumbnailUrl":"https:\/\/arcobalenocolorlab.it\/shop\/wp-content\/uploads\/2023\/10\/w690-1.webp","datePublished":"2023-10-14T08:15:08+00:00","dateModified":"2025-12-11T08:11:36+00:00","breadcrumb":{"@id":"https:\/\/arcobalenocolorlab.it\/shop\/prodotto\/accessori\/attrezzatura\/wagner-w690-flexio\/#breadcrumb"},"inLanguage":"it-IT","potentialAction":[{"@type":"ReadAction","target":["https:\/\/arcobalenocolorlab.it\/shop\/prodotto\/accessori\/attrezzatura\/wagner-w690-flexio\/"]}]},{"@type":"ImageObject","inLanguage":"it-IT","@id":"https:\/\/arcobalenocolorlab.it\/shop\/prodotto\/accessori\/attrezzatura\/wagner-w690-flexio\/#primaryimage","url":"https:\/\/arcobalenocolorlab.it\/shop\/wp-content\/uploads\/2023\/10\/w690-1.webp","contentUrl":"https:\/\/arcobalenocolorlab.it\/shop\/wp-content\/uploads\/2023\/10\/w690-1.webp","width":750,"height":482},{"@type":"BreadcrumbList","@id":"https:\/\/arcobalenocolorlab.it\/shop\/prodotto\/accessori\/attrezzatura\/wagner-w690-flexio\/#breadcrumb","itemListElement":[{"@type":"ListItem","position":1,"name":"Home","item":"https:\/\/arcobalenocolorlab.it\/shop\/"},{"@type":"ListItem","position":2,"name":"Shop","item":"https:\/\/arcobalenocolorlab.it\/shop\/shop\/"},{"@type":"ListItem","position":3,"name":"WAGNER Pistola a bassa pressione W690 Flexio"}]},{"@type":"WebSite","@id":"https:\/\/arcobalenocolorlab.it\/shop\/#website","url":"https:\/\/arcobalenocolorlab.it\/shop\/","name":"Arcobaleno Colorlab","description":"","publisher":{"@id":"https:\/\/arcobalenocolorlab.it\/shop\/#organization"},"potentialAction":[{"@type":"SearchAction","target":{"@type":"EntryPoint","urlTemplate":"https:\/\/arcobalenocolorlab.it\/shop\/?s={search_term_string}"},"query-input":{"@type":"PropertyValueSpecification","valueRequired":true,"valueName":"search_term_string"}}],"inLanguage":"it-IT"},{"@type":"Organization","@id":"https:\/\/arcobalenocolorlab.it\/shop\/#organization","name":"Arcobaleno Colorlab","url":"https:\/\/arcobalenocolorlab.it\/shop\/","logo":{"@type":"ImageObject","inLanguage":"it-IT","@id":"https:\/\/arcobalenocolorlab.it\/shop\/#\/schema\/logo\/image\/","url":"https:\/\/arcobalenocolorlab.it\/shop\/wp-content\/uploads\/2020\/09\/logo-arcobaleno.png","contentUrl":"https:\/\/arcobalenocolorlab.it\/shop\/wp-content\/uploads\/2020\/09\/logo-arcobaleno.png","width":300,"height":250,"caption":"Arcobaleno Colorlab"},"image":{"@id":"https:\/\/arcobalenocolorlab.it\/shop\/#\/schema\/logo\/image\/"}}]}},"jetpack_sharing_enabled":true,"_links":{"self":[{"href":"https:\/\/arcobalenocolorlab.it\/shop\/wp-json\/wp\/v2\/product\/2619","targetHints":{"allow":["GET"]}}],"collection":[{"href":"https:\/\/arcobalenocolorlab.it\/shop\/wp-json\/wp\/v2\/product"}],"about":[{"href":"https:\/\/arcobalenocolorlab.it\/shop\/wp-json\/wp\/v2\/types\/product"}],"replies":[{"embeddable":true,"href":"https:\/\/arcobalenocolorlab.it\/shop\/wp-json\/wp\/v2\/comments?post=2619"}],"wp:featuredmedia":[{"embeddable":true,"href":"https:\/\/arcobalenocolorlab.it\/shop\/wp-json\/wp\/v2\/media\/2621"}],"wp:attachment":[{"href":"https:\/\/arcobalenocolorlab.it\/shop\/wp-json\/wp\/v2\/media?parent=2619"}],"wp:term":[{"taxonomy":"product_brand","embeddable":true,"href":"https:\/\/arcobalenocolorlab.it\/shop\/wp-json\/wp\/v2\/product_brand?post=2619"},{"taxonomy":"product_cat","embeddable":true,"href":"https:\/\/arcobalenocolorlab.it\/shop\/wp-json\/wp\/v2\/product_cat?post=2619"},{"taxonomy":"product_tag","embeddable":true,"href":"https:\/\/arcobalenocolorlab.it\/shop\/wp-json\/wp\/v2\/product_tag?post=2619"}],"curies":[{"name":"wp","href":"https:\/\/api.w.org\/{rel}","templated":true}]}}