{"id":4135,"date":"2024-07-12T18:09:33","date_gmt":"2024-07-12T16:09:33","guid":{"rendered":"https:\/\/arcobalenocolorlab.it\/shop\/prodotto\/senza-categoria\/castrignanoshades-copy\/"},"modified":"2025-09-23T11:11:41","modified_gmt":"2025-09-23T09:11:41","slug":"icoloridiandreacastrignano","status":"publish","type":"product","link":"https:\/\/arcobalenocolorlab.it\/shop\/prodotto\/offerte\/icoloridiandreacastrignano\/","title":{"rendered":"Cartella colori I COLORI DI ANDREA by Andrea Castrignano"},"content":{"rendered":"<p><a href=\"https:\/\/arcobalenocolorlab.it\/shop\/wp-content\/uploads\/2024\/07\/IColoriDiAndrea-Internoconcolori_1024x1024@2x.webp\"><img fetchpriority=\"high\" decoding=\"async\" class=\"alignnone wp-image-4138 size-full\" src=\"https:\/\/arcobalenocolorlab.it\/shop\/wp-content\/uploads\/2024\/07\/IColoriDiAndrea-Internoconcolori_1024x1024@2x.webp\" alt=\"\" width=\"1724\" height=\"757\" srcset=\"https:\/\/arcobalenocolorlab.it\/shop\/wp-content\/uploads\/2024\/07\/IColoriDiAndrea-Internoconcolori_1024x1024@2x.webp 1724w, https:\/\/arcobalenocolorlab.it\/shop\/wp-content\/uploads\/2024\/07\/IColoriDiAndrea-Internoconcolori_1024x1024@2x-100x44.webp 100w, https:\/\/arcobalenocolorlab.it\/shop\/wp-content\/uploads\/2024\/07\/IColoriDiAndrea-Internoconcolori_1024x1024@2x-500x220.webp 500w, https:\/\/arcobalenocolorlab.it\/shop\/wp-content\/uploads\/2024\/07\/IColoriDiAndrea-Internoconcolori_1024x1024@2x-768x337.webp 768w, https:\/\/arcobalenocolorlab.it\/shop\/wp-content\/uploads\/2024\/07\/IColoriDiAndrea-Internoconcolori_1024x1024@2x-1536x674.webp 1536w, https:\/\/arcobalenocolorlab.it\/shop\/wp-content\/uploads\/2024\/07\/IColoriDiAndrea-Internoconcolori_1024x1024@2x-300x132.webp 300w, https:\/\/arcobalenocolorlab.it\/shop\/wp-content\/uploads\/2024\/07\/IColoriDiAndrea-Internoconcolori_1024x1024@2x-600x263.webp 600w\" sizes=\"(max-width: 1724px) 100vw, 1724px\" \/><\/a><\/p>\n","protected":false},"excerpt":{"rendered":"<p><strong>&#8220;I\u00a0COLORI di ANDREA&#8221;<\/strong>\u00a0\u00e8 la cartella che raduna i colori utilizzati da Castrignano nei suoi pi\u00f9 importanti lavori, fin dal&#8217;inizio della sua carriera.<\/p>\n<p><strong>Nata nel 2017 con 40 colori<\/strong>, \u00e8 stata aggiornata\u00a0<strong>nel 2018 con 4 nuovi colori<\/strong>\u00a0che ne hanno ampliato la composizione e la grafica.<\/p>\n<p>La cartella \u00e8 realizzata con pastiglie colori di prodotto reale (non tipografiche).<\/p>\n","protected":false},"featured_media":4137,"comment_status":"open","ping_status":"closed","template":"","meta":[],"product_brand":[],"product_cat":[588,319],"product_tag":[538,539,540],"class_list":{"0":"post-4135","1":"product","2":"type-product","3":"status-publish","4":"has-post-thumbnail","6":"product_cat-cartelle-colori","7":"product_cat-offerte","8":"product_tag-mazzettacolori","9":"product_tag-ncs","10":"product_tag-pantone","12":"first","13":"instock","14":"sale","15":"taxable","16":"shipping-taxable","17":"purchasable","18":"product-type-simple"},"yoast_head":"<!-- This site is optimized with the Yoast SEO plugin v27.4 - https:\/\/yoast.com\/product\/yoast-seo-wordpress\/ -->\n<title>Cartella colori I COLORI DI ANDREA by Andrea Castrignano - Arcobaleno Colorlab<\/title>\n<meta name=\"robots\" content=\"index, follow, max-snippet:-1, max-image-preview:large, max-video-preview:-1\" \/>\n<link rel=\"canonical\" href=\"https:\/\/arcobalenocolorlab.it\/shop\/prodotto\/offerte\/icoloridiandreacastrignano\/\" \/>\n<meta property=\"og:locale\" content=\"it_IT\" \/>\n<meta property=\"og:type\" content=\"article\" \/>\n<meta property=\"og:title\" content=\"Cartella colori I COLORI DI ANDREA by Andrea Castrignano - Arcobaleno Colorlab\" \/>\n<meta property=\"og:description\" content=\"&quot;I\u00a0COLORI di ANDREA&quot;\u00a0\u00e8 la cartella che raduna i colori utilizzati da Castrignano nei suoi pi\u00f9 importanti lavori, fin dal&#039;inizio della sua carriera.  Nata nel 2017 con 40 colori, \u00e8 stata aggiornata\u00a0nel 2018 con 4 nuovi colori\u00a0che ne hanno ampliato la composizione e la grafica.  La cartella \u00e8 realizzata con pastiglie colori di prodotto reale (non tipografiche).\" \/>\n<meta property=\"og:url\" content=\"https:\/\/arcobalenocolorlab.it\/shop\/prodotto\/offerte\/icoloridiandreacastrignano\/\" \/>\n<meta property=\"og:site_name\" content=\"Arcobaleno Colorlab\" \/>\n<meta property=\"article:modified_time\" content=\"2025-09-23T09:11:41+00:00\" \/>\n<meta property=\"og:image\" content=\"https:\/\/arcobalenocolorlab.it\/shop\/wp-content\/uploads\/2024\/07\/CopertinaIColoridiAndrea_8c5f1af7-65b0-4013-a22b-bdef04dc86e4_1024x1024@2x.webp\" \/>\n\t<meta property=\"og:image:width\" content=\"1996\" \/>\n\t<meta property=\"og:image:height\" content=\"2048\" \/>\n\t<meta property=\"og:image:type\" content=\"image\/webp\" \/>\n<meta name=\"twitter:card\" content=\"summary_large_image\" \/>\n<meta name=\"twitter:label1\" content=\"Tempo di lettura stimato\" \/>\n\t<meta name=\"twitter:data1\" content=\"1 minuto\" \/>\n<script type=\"application\/ld+json\" class=\"yoast-schema-graph\">{\"@context\":\"https:\\\/\\\/schema.org\",\"@graph\":[{\"@type\":\"WebPage\",\"@id\":\"https:\\\/\\\/arcobalenocolorlab.it\\\/shop\\\/prodotto\\\/offerte\\\/icoloridiandreacastrignano\\\/\",\"url\":\"https:\\\/\\\/arcobalenocolorlab.it\\\/shop\\\/prodotto\\\/offerte\\\/icoloridiandreacastrignano\\\/\",\"name\":\"Cartella colori I COLORI DI ANDREA by Andrea Castrignano - Arcobaleno Colorlab\",\"isPartOf\":{\"@id\":\"https:\\\/\\\/arcobalenocolorlab.it\\\/shop\\\/#website\"},\"primaryImageOfPage\":{\"@id\":\"https:\\\/\\\/arcobalenocolorlab.it\\\/shop\\\/prodotto\\\/offerte\\\/icoloridiandreacastrignano\\\/#primaryimage\"},\"image\":{\"@id\":\"https:\\\/\\\/arcobalenocolorlab.it\\\/shop\\\/prodotto\\\/offerte\\\/icoloridiandreacastrignano\\\/#primaryimage\"},\"thumbnailUrl\":\"https:\\\/\\\/arcobalenocolorlab.it\\\/shop\\\/wp-content\\\/uploads\\\/2024\\\/07\\\/CopertinaIColoridiAndrea_8c5f1af7-65b0-4013-a22b-bdef04dc86e4_1024x1024@2x.webp\",\"datePublished\":\"2024-07-12T16:09:33+00:00\",\"dateModified\":\"2025-09-23T09:11:41+00:00\",\"breadcrumb\":{\"@id\":\"https:\\\/\\\/arcobalenocolorlab.it\\\/shop\\\/prodotto\\\/offerte\\\/icoloridiandreacastrignano\\\/#breadcrumb\"},\"inLanguage\":\"it-IT\",\"potentialAction\":[{\"@type\":\"ReadAction\",\"target\":[\"https:\\\/\\\/arcobalenocolorlab.it\\\/shop\\\/prodotto\\\/offerte\\\/icoloridiandreacastrignano\\\/\"]}]},{\"@type\":\"ImageObject\",\"inLanguage\":\"it-IT\",\"@id\":\"https:\\\/\\\/arcobalenocolorlab.it\\\/shop\\\/prodotto\\\/offerte\\\/icoloridiandreacastrignano\\\/#primaryimage\",\"url\":\"https:\\\/\\\/arcobalenocolorlab.it\\\/shop\\\/wp-content\\\/uploads\\\/2024\\\/07\\\/CopertinaIColoridiAndrea_8c5f1af7-65b0-4013-a22b-bdef04dc86e4_1024x1024@2x.webp\",\"contentUrl\":\"https:\\\/\\\/arcobalenocolorlab.it\\\/shop\\\/wp-content\\\/uploads\\\/2024\\\/07\\\/CopertinaIColoridiAndrea_8c5f1af7-65b0-4013-a22b-bdef04dc86e4_1024x1024@2x.webp\",\"width\":1996,\"height\":2048},{\"@type\":\"BreadcrumbList\",\"@id\":\"https:\\\/\\\/arcobalenocolorlab.it\\\/shop\\\/prodotto\\\/offerte\\\/icoloridiandreacastrignano\\\/#breadcrumb\",\"itemListElement\":[{\"@type\":\"ListItem\",\"position\":1,\"name\":\"Home\",\"item\":\"https:\\\/\\\/arcobalenocolorlab.it\\\/shop\\\/\"},{\"@type\":\"ListItem\",\"position\":2,\"name\":\"Shop\",\"item\":\"https:\\\/\\\/arcobalenocolorlab.it\\\/shop\\\/shop\\\/\"},{\"@type\":\"ListItem\",\"position\":3,\"name\":\"Cartella colori I COLORI DI ANDREA by Andrea Castrignano\"}]},{\"@type\":\"WebSite\",\"@id\":\"https:\\\/\\\/arcobalenocolorlab.it\\\/shop\\\/#website\",\"url\":\"https:\\\/\\\/arcobalenocolorlab.it\\\/shop\\\/\",\"name\":\"Arcobaleno Colorlab\",\"description\":\"\",\"publisher\":{\"@id\":\"https:\\\/\\\/arcobalenocolorlab.it\\\/shop\\\/#organization\"},\"potentialAction\":[{\"@type\":\"SearchAction\",\"target\":{\"@type\":\"EntryPoint\",\"urlTemplate\":\"https:\\\/\\\/arcobalenocolorlab.it\\\/shop\\\/?s={search_term_string}\"},\"query-input\":{\"@type\":\"PropertyValueSpecification\",\"valueRequired\":true,\"valueName\":\"search_term_string\"}}],\"inLanguage\":\"it-IT\"},{\"@type\":\"Organization\",\"@id\":\"https:\\\/\\\/arcobalenocolorlab.it\\\/shop\\\/#organization\",\"name\":\"Arcobaleno Colorlab\",\"url\":\"https:\\\/\\\/arcobalenocolorlab.it\\\/shop\\\/\",\"logo\":{\"@type\":\"ImageObject\",\"inLanguage\":\"it-IT\",\"@id\":\"https:\\\/\\\/arcobalenocolorlab.it\\\/shop\\\/#\\\/schema\\\/logo\\\/image\\\/\",\"url\":\"https:\\\/\\\/arcobalenocolorlab.it\\\/shop\\\/wp-content\\\/uploads\\\/2020\\\/09\\\/logo-arcobaleno.png\",\"contentUrl\":\"https:\\\/\\\/arcobalenocolorlab.it\\\/shop\\\/wp-content\\\/uploads\\\/2020\\\/09\\\/logo-arcobaleno.png\",\"width\":300,\"height\":250,\"caption\":\"Arcobaleno Colorlab\"},\"image\":{\"@id\":\"https:\\\/\\\/arcobalenocolorlab.it\\\/shop\\\/#\\\/schema\\\/logo\\\/image\\\/\"}}]}<\/script>\n<!-- \/ Yoast SEO plugin. -->","yoast_head_json":{"title":"Cartella colori I COLORI DI ANDREA by Andrea Castrignano - Arcobaleno Colorlab","robots":{"index":"index","follow":"follow","max-snippet":"max-snippet:-1","max-image-preview":"max-image-preview:large","max-video-preview":"max-video-preview:-1"},"canonical":"https:\/\/arcobalenocolorlab.it\/shop\/prodotto\/offerte\/icoloridiandreacastrignano\/","og_locale":"it_IT","og_type":"article","og_title":"Cartella colori I COLORI DI ANDREA by Andrea Castrignano - Arcobaleno Colorlab","og_description":"\"I\u00a0COLORI di ANDREA\"\u00a0\u00e8 la cartella che raduna i colori utilizzati da Castrignano nei suoi pi\u00f9 importanti lavori, fin dal'inizio della sua carriera.  Nata nel 2017 con 40 colori, \u00e8 stata aggiornata\u00a0nel 2018 con 4 nuovi colori\u00a0che ne hanno ampliato la composizione e la grafica.  La cartella \u00e8 realizzata con pastiglie colori di prodotto reale (non tipografiche).","og_url":"https:\/\/arcobalenocolorlab.it\/shop\/prodotto\/offerte\/icoloridiandreacastrignano\/","og_site_name":"Arcobaleno Colorlab","article_modified_time":"2025-09-23T09:11:41+00:00","og_image":[{"width":1996,"height":2048,"url":"https:\/\/arcobalenocolorlab.it\/shop\/wp-content\/uploads\/2024\/07\/CopertinaIColoridiAndrea_8c5f1af7-65b0-4013-a22b-bdef04dc86e4_1024x1024@2x.webp","type":"image\/webp"}],"twitter_card":"summary_large_image","twitter_misc":{"Tempo di lettura stimato":"1 minuto"},"schema":{"@context":"https:\/\/schema.org","@graph":[{"@type":"WebPage","@id":"https:\/\/arcobalenocolorlab.it\/shop\/prodotto\/offerte\/icoloridiandreacastrignano\/","url":"https:\/\/arcobalenocolorlab.it\/shop\/prodotto\/offerte\/icoloridiandreacastrignano\/","name":"Cartella colori I COLORI DI ANDREA by Andrea Castrignano - Arcobaleno Colorlab","isPartOf":{"@id":"https:\/\/arcobalenocolorlab.it\/shop\/#website"},"primaryImageOfPage":{"@id":"https:\/\/arcobalenocolorlab.it\/shop\/prodotto\/offerte\/icoloridiandreacastrignano\/#primaryimage"},"image":{"@id":"https:\/\/arcobalenocolorlab.it\/shop\/prodotto\/offerte\/icoloridiandreacastrignano\/#primaryimage"},"thumbnailUrl":"https:\/\/arcobalenocolorlab.it\/shop\/wp-content\/uploads\/2024\/07\/CopertinaIColoridiAndrea_8c5f1af7-65b0-4013-a22b-bdef04dc86e4_1024x1024@2x.webp","datePublished":"2024-07-12T16:09:33+00:00","dateModified":"2025-09-23T09:11:41+00:00","breadcrumb":{"@id":"https:\/\/arcobalenocolorlab.it\/shop\/prodotto\/offerte\/icoloridiandreacastrignano\/#breadcrumb"},"inLanguage":"it-IT","potentialAction":[{"@type":"ReadAction","target":["https:\/\/arcobalenocolorlab.it\/shop\/prodotto\/offerte\/icoloridiandreacastrignano\/"]}]},{"@type":"ImageObject","inLanguage":"it-IT","@id":"https:\/\/arcobalenocolorlab.it\/shop\/prodotto\/offerte\/icoloridiandreacastrignano\/#primaryimage","url":"https:\/\/arcobalenocolorlab.it\/shop\/wp-content\/uploads\/2024\/07\/CopertinaIColoridiAndrea_8c5f1af7-65b0-4013-a22b-bdef04dc86e4_1024x1024@2x.webp","contentUrl":"https:\/\/arcobalenocolorlab.it\/shop\/wp-content\/uploads\/2024\/07\/CopertinaIColoridiAndrea_8c5f1af7-65b0-4013-a22b-bdef04dc86e4_1024x1024@2x.webp","width":1996,"height":2048},{"@type":"BreadcrumbList","@id":"https:\/\/arcobalenocolorlab.it\/shop\/prodotto\/offerte\/icoloridiandreacastrignano\/#breadcrumb","itemListElement":[{"@type":"ListItem","position":1,"name":"Home","item":"https:\/\/arcobalenocolorlab.it\/shop\/"},{"@type":"ListItem","position":2,"name":"Shop","item":"https:\/\/arcobalenocolorlab.it\/shop\/shop\/"},{"@type":"ListItem","position":3,"name":"Cartella colori I COLORI DI ANDREA by Andrea Castrignano"}]},{"@type":"WebSite","@id":"https:\/\/arcobalenocolorlab.it\/shop\/#website","url":"https:\/\/arcobalenocolorlab.it\/shop\/","name":"Arcobaleno Colorlab","description":"","publisher":{"@id":"https:\/\/arcobalenocolorlab.it\/shop\/#organization"},"potentialAction":[{"@type":"SearchAction","target":{"@type":"EntryPoint","urlTemplate":"https:\/\/arcobalenocolorlab.it\/shop\/?s={search_term_string}"},"query-input":{"@type":"PropertyValueSpecification","valueRequired":true,"valueName":"search_term_string"}}],"inLanguage":"it-IT"},{"@type":"Organization","@id":"https:\/\/arcobalenocolorlab.it\/shop\/#organization","name":"Arcobaleno Colorlab","url":"https:\/\/arcobalenocolorlab.it\/shop\/","logo":{"@type":"ImageObject","inLanguage":"it-IT","@id":"https:\/\/arcobalenocolorlab.it\/shop\/#\/schema\/logo\/image\/","url":"https:\/\/arcobalenocolorlab.it\/shop\/wp-content\/uploads\/2020\/09\/logo-arcobaleno.png","contentUrl":"https:\/\/arcobalenocolorlab.it\/shop\/wp-content\/uploads\/2020\/09\/logo-arcobaleno.png","width":300,"height":250,"caption":"Arcobaleno Colorlab"},"image":{"@id":"https:\/\/arcobalenocolorlab.it\/shop\/#\/schema\/logo\/image\/"}}]}},"jetpack_sharing_enabled":true,"_links":{"self":[{"href":"https:\/\/arcobalenocolorlab.it\/shop\/wp-json\/wp\/v2\/product\/4135","targetHints":{"allow":["GET"]}}],"collection":[{"href":"https:\/\/arcobalenocolorlab.it\/shop\/wp-json\/wp\/v2\/product"}],"about":[{"href":"https:\/\/arcobalenocolorlab.it\/shop\/wp-json\/wp\/v2\/types\/product"}],"replies":[{"embeddable":true,"href":"https:\/\/arcobalenocolorlab.it\/shop\/wp-json\/wp\/v2\/comments?post=4135"}],"wp:featuredmedia":[{"embeddable":true,"href":"https:\/\/arcobalenocolorlab.it\/shop\/wp-json\/wp\/v2\/media\/4137"}],"wp:attachment":[{"href":"https:\/\/arcobalenocolorlab.it\/shop\/wp-json\/wp\/v2\/media?parent=4135"}],"wp:term":[{"taxonomy":"product_brand","embeddable":true,"href":"https:\/\/arcobalenocolorlab.it\/shop\/wp-json\/wp\/v2\/product_brand?post=4135"},{"taxonomy":"product_cat","embeddable":true,"href":"https:\/\/arcobalenocolorlab.it\/shop\/wp-json\/wp\/v2\/product_cat?post=4135"},{"taxonomy":"product_tag","embeddable":true,"href":"https:\/\/arcobalenocolorlab.it\/shop\/wp-json\/wp\/v2\/product_tag?post=4135"}],"curies":[{"name":"wp","href":"https:\/\/api.w.org\/{rel}","templated":true}]}}