{"id":509,"date":"2020-12-21T10:34:11","date_gmt":"2020-12-21T09:34:11","guid":{"rendered":"https:\/\/arcobalenocolorlab.it\/new\/shop\/?post_type=product&#038;p=509"},"modified":"2025-09-04T08:47:48","modified_gmt":"2025-09-04T06:47:48","slug":"aqua-block-ms-guaina","status":"publish","type":"product","link":"https:\/\/arcobalenocolorlab.it\/shop\/prodotto\/pittura\/tinteggi\/aqua-block-ms-guaina\/","title":{"rendered":"AQUA BLOCK \u2013 MS Guaina"},"content":{"rendered":"<p><iframe title=\"AQUA BLOCK MS GUAINA - Impermeabilizzante di ultima generazione\" width=\"1140\" height=\"641\" data-src=\"https:\/\/www.youtube.com\/embed\/ypaYH4bYPbQ?feature=oembed\" frameborder=\"0\" allow=\"accelerometer; autoplay; clipboard-write; encrypted-media; gyroscope; picture-in-picture\" allowfullscreen src=\"data:image\/svg+xml;base64,PHN2ZyB3aWR0aD0iMSIgaGVpZ2h0PSIxIiB4bWxucz0iaHR0cDovL3d3dy53My5vcmcvMjAwMC9zdmciPjwvc3ZnPg==\" class=\"lazyload\" data-load-mode=\"1\"><\/iframe><\/p>\n<div id=\"section0\" class=\"section section__text _mPS2id-t\">\n<div class=\"container\">\n<h3 class=\"section__title text-center\" style=\"text-align: left;\"><span style=\"color: #008080;\">Vantaggi<\/span><\/h3>\n<ul>\n<li>Facile da applicare, basta un rullo, un pennello, una spatola<\/li>\n<li>Applicabile anche a\u00a0spruzzo<\/li>\n<li>Applicabile durante le intemperie<\/li>\n<li>Applicabile sott\u2019acqua<\/li>\n<li>Non cola<\/li>\n<li>Verniciabile<\/li>\n<li>Transitabile<\/li>\n<li>Utilizzabile come collante per piastrelle<\/li>\n<li>25 anni di durata del prodotto<\/li>\n<li>Certificato 17\/0080 ETAG 005:2004<\/li>\n<li>Resiste all\u2019acqua stagnante<\/li>\n<li>Ottimo per sigillare piccole e grandi fessurazioni<\/li>\n<li>Non ritira<\/li>\n<li>Altamente elastico \u2013 400%<\/li>\n<li>Non si formano muffe<\/li>\n<li>Pronto all\u2019uso \u2013 non richiede di essere mescolato ne di essere diluito<\/li>\n<li>Aderenza perfetta su molti materiali edili: cemento, legno, mattone, metallo, PVC duri, acciaio zincato e intonacato<\/li>\n<\/ul>\n<\/div>\n<\/div>\n<div id=\"section1\" class=\"section section__text _mPS2id-t mPS2id-target mPS2id-target-first mPS2id-target-last\">\n<div class=\"container\">\n<h3 class=\"section__title text-center\" style=\"text-align: left;\"><span style=\"color: #008080;\">Applicazione<\/span><\/h3>\n<ul>\n<li>Sigillatura di coperture e impianti \u2013 camini, grondaie, aria condizionata, pannelli solari<\/li>\n<li>Riparazione di terrazzi e balconi \u2013 sigillatura di giunti tra scorrimani e pavimentazioni, sigillatura di bordi, riparazione di piastrelle rotte<\/li>\n<li>Riparazione e impermeabilizzazione di camper<\/li>\n<li>Sigillatura di fognature e canali sotterranei<\/li>\n<li>Idroisolamento di tetti, balconi e terrazzi<\/li>\n<li>Riparazione di tegole ceramiche e cementizie rotte, coperture metalliche, membrane PVC, TPO, EPDM<\/li>\n<\/ul>\n<\/div>\n<\/div>\n","protected":false},"excerpt":{"rendered":"<p>MS GUAINA per Tetti e Terrazzi \u00e8 un rivestimento altamente elastico per realizzare membrane impermeabilizzanti e per piccole riparazioni, come su tetti, balconi o terrazzi in cui sono sorte delle infiltrazioni. Pu\u00f2 essere applicato anche su superfici umide e bagnate. Indicato per i camper. Possiede un elevata resistenza a condizioni atmosferiche, raggi UV ed alla transitabilit\u00e0. I colori disponibili sono quelli pi\u00f9 richiesti nel mercato ed inoltre, grazie alle sue caratteristiche, la membrana pu\u00f2 essere sovra-verniciata.<\/p>\n","protected":false},"featured_media":406,"comment_status":"open","ping_status":"closed","template":"","meta":[],"product_brand":[],"product_cat":[65],"product_tag":[87,86],"class_list":{"0":"post-509","1":"product","2":"type-product","3":"status-publish","4":"has-post-thumbnail","6":"product_cat-tinteggi","7":"product_tag-impermeabilizzante","8":"product_tag-rivestimento","10":"first","11":"onbackorder","12":"taxable","13":"shipping-taxable","14":"purchasable","15":"product-type-variable"},"yoast_head":"<!-- This site is optimized with the Yoast SEO plugin v27.4 - https:\/\/yoast.com\/product\/yoast-seo-wordpress\/ -->\n<title>AQUA BLOCK \u2013 MS Guaina - Arcobaleno Colorlab<\/title>\n<meta name=\"robots\" content=\"index, follow, max-snippet:-1, max-image-preview:large, max-video-preview:-1\" \/>\n<link rel=\"canonical\" href=\"https:\/\/arcobalenocolorlab.it\/shop\/prodotto\/pittura\/tinteggi\/aqua-block-ms-guaina\/\" \/>\n<meta property=\"og:locale\" content=\"it_IT\" \/>\n<meta property=\"og:type\" content=\"article\" \/>\n<meta property=\"og:title\" content=\"AQUA BLOCK \u2013 MS Guaina - Arcobaleno Colorlab\" \/>\n<meta property=\"og:description\" content=\"MS GUAINA per Tetti e Terrazzi \u00e8 un rivestimento altamente elastico per realizzare membrane impermeabilizzanti e per piccole riparazioni, come su tetti, balconi o terrazzi in cui sono sorte delle infiltrazioni. Pu\u00f2 essere applicato anche su superfici umide e bagnate. Indicato per i camper. Possiede un elevata resistenza a condizioni atmosferiche, raggi UV ed alla transitabilit\u00e0. I colori disponibili sono quelli pi\u00f9 richiesti nel mercato ed inoltre, grazie alle sue caratteristiche, la membrana pu\u00f2 essere sovra-verniciata.\" \/>\n<meta property=\"og:url\" content=\"https:\/\/arcobalenocolorlab.it\/shop\/prodotto\/pittura\/tinteggi\/aqua-block-ms-guaina\/\" \/>\n<meta property=\"og:site_name\" content=\"Arcobaleno Colorlab\" \/>\n<meta property=\"article:modified_time\" content=\"2025-09-04T06:47:48+00:00\" \/>\n<meta property=\"og:image\" content=\"https:\/\/arcobalenocolorlab.it\/shop\/wp-content\/uploads\/2020\/11\/AQUA-BLOCK-1kg-IT-002.png\" \/>\n\t<meta property=\"og:image:width\" content=\"500\" \/>\n\t<meta property=\"og:image:height\" content=\"500\" \/>\n\t<meta property=\"og:image:type\" content=\"image\/png\" \/>\n<meta name=\"twitter:card\" content=\"summary_large_image\" \/>\n<meta name=\"twitter:label1\" content=\"Tempo di lettura stimato\" \/>\n\t<meta name=\"twitter:data1\" content=\"1 minuto\" \/>\n<script type=\"application\/ld+json\" class=\"yoast-schema-graph\">{\"@context\":\"https:\\\/\\\/schema.org\",\"@graph\":[{\"@type\":\"WebPage\",\"@id\":\"https:\\\/\\\/arcobalenocolorlab.it\\\/shop\\\/prodotto\\\/pittura\\\/tinteggi\\\/aqua-block-ms-guaina\\\/\",\"url\":\"https:\\\/\\\/arcobalenocolorlab.it\\\/shop\\\/prodotto\\\/pittura\\\/tinteggi\\\/aqua-block-ms-guaina\\\/\",\"name\":\"AQUA BLOCK \u2013 MS Guaina - Arcobaleno Colorlab\",\"isPartOf\":{\"@id\":\"https:\\\/\\\/arcobalenocolorlab.it\\\/shop\\\/#website\"},\"primaryImageOfPage\":{\"@id\":\"https:\\\/\\\/arcobalenocolorlab.it\\\/shop\\\/prodotto\\\/pittura\\\/tinteggi\\\/aqua-block-ms-guaina\\\/#primaryimage\"},\"image\":{\"@id\":\"https:\\\/\\\/arcobalenocolorlab.it\\\/shop\\\/prodotto\\\/pittura\\\/tinteggi\\\/aqua-block-ms-guaina\\\/#primaryimage\"},\"thumbnailUrl\":\"https:\\\/\\\/arcobalenocolorlab.it\\\/shop\\\/wp-content\\\/uploads\\\/2020\\\/11\\\/AQUA-BLOCK-1kg-IT-002.png\",\"datePublished\":\"2020-12-21T09:34:11+00:00\",\"dateModified\":\"2025-09-04T06:47:48+00:00\",\"breadcrumb\":{\"@id\":\"https:\\\/\\\/arcobalenocolorlab.it\\\/shop\\\/prodotto\\\/pittura\\\/tinteggi\\\/aqua-block-ms-guaina\\\/#breadcrumb\"},\"inLanguage\":\"it-IT\",\"potentialAction\":[{\"@type\":\"ReadAction\",\"target\":[\"https:\\\/\\\/arcobalenocolorlab.it\\\/shop\\\/prodotto\\\/pittura\\\/tinteggi\\\/aqua-block-ms-guaina\\\/\"]}]},{\"@type\":\"ImageObject\",\"inLanguage\":\"it-IT\",\"@id\":\"https:\\\/\\\/arcobalenocolorlab.it\\\/shop\\\/prodotto\\\/pittura\\\/tinteggi\\\/aqua-block-ms-guaina\\\/#primaryimage\",\"url\":\"https:\\\/\\\/arcobalenocolorlab.it\\\/shop\\\/wp-content\\\/uploads\\\/2020\\\/11\\\/AQUA-BLOCK-1kg-IT-002.png\",\"contentUrl\":\"https:\\\/\\\/arcobalenocolorlab.it\\\/shop\\\/wp-content\\\/uploads\\\/2020\\\/11\\\/AQUA-BLOCK-1kg-IT-002.png\",\"width\":2000,\"height\":2000},{\"@type\":\"BreadcrumbList\",\"@id\":\"https:\\\/\\\/arcobalenocolorlab.it\\\/shop\\\/prodotto\\\/pittura\\\/tinteggi\\\/aqua-block-ms-guaina\\\/#breadcrumb\",\"itemListElement\":[{\"@type\":\"ListItem\",\"position\":1,\"name\":\"Home\",\"item\":\"https:\\\/\\\/arcobalenocolorlab.it\\\/shop\\\/\"},{\"@type\":\"ListItem\",\"position\":2,\"name\":\"Shop\",\"item\":\"https:\\\/\\\/arcobalenocolorlab.it\\\/shop\\\/shop\\\/\"},{\"@type\":\"ListItem\",\"position\":3,\"name\":\"AQUA BLOCK \u2013 MS Guaina\"}]},{\"@type\":\"WebSite\",\"@id\":\"https:\\\/\\\/arcobalenocolorlab.it\\\/shop\\\/#website\",\"url\":\"https:\\\/\\\/arcobalenocolorlab.it\\\/shop\\\/\",\"name\":\"Arcobaleno Colorlab\",\"description\":\"\",\"publisher\":{\"@id\":\"https:\\\/\\\/arcobalenocolorlab.it\\\/shop\\\/#organization\"},\"potentialAction\":[{\"@type\":\"SearchAction\",\"target\":{\"@type\":\"EntryPoint\",\"urlTemplate\":\"https:\\\/\\\/arcobalenocolorlab.it\\\/shop\\\/?s={search_term_string}\"},\"query-input\":{\"@type\":\"PropertyValueSpecification\",\"valueRequired\":true,\"valueName\":\"search_term_string\"}}],\"inLanguage\":\"it-IT\"},{\"@type\":\"Organization\",\"@id\":\"https:\\\/\\\/arcobalenocolorlab.it\\\/shop\\\/#organization\",\"name\":\"Arcobaleno Colorlab\",\"url\":\"https:\\\/\\\/arcobalenocolorlab.it\\\/shop\\\/\",\"logo\":{\"@type\":\"ImageObject\",\"inLanguage\":\"it-IT\",\"@id\":\"https:\\\/\\\/arcobalenocolorlab.it\\\/shop\\\/#\\\/schema\\\/logo\\\/image\\\/\",\"url\":\"https:\\\/\\\/arcobalenocolorlab.it\\\/shop\\\/wp-content\\\/uploads\\\/2020\\\/09\\\/logo-arcobaleno.png\",\"contentUrl\":\"https:\\\/\\\/arcobalenocolorlab.it\\\/shop\\\/wp-content\\\/uploads\\\/2020\\\/09\\\/logo-arcobaleno.png\",\"width\":300,\"height\":250,\"caption\":\"Arcobaleno Colorlab\"},\"image\":{\"@id\":\"https:\\\/\\\/arcobalenocolorlab.it\\\/shop\\\/#\\\/schema\\\/logo\\\/image\\\/\"}}]}<\/script>\n<!-- \/ Yoast SEO plugin. -->","yoast_head_json":{"title":"AQUA BLOCK \u2013 MS Guaina - Arcobaleno Colorlab","robots":{"index":"index","follow":"follow","max-snippet":"max-snippet:-1","max-image-preview":"max-image-preview:large","max-video-preview":"max-video-preview:-1"},"canonical":"https:\/\/arcobalenocolorlab.it\/shop\/prodotto\/pittura\/tinteggi\/aqua-block-ms-guaina\/","og_locale":"it_IT","og_type":"article","og_title":"AQUA BLOCK \u2013 MS Guaina - Arcobaleno Colorlab","og_description":"MS GUAINA per Tetti e Terrazzi \u00e8 un rivestimento altamente elastico per realizzare membrane impermeabilizzanti e per piccole riparazioni, come su tetti, balconi o terrazzi in cui sono sorte delle infiltrazioni. Pu\u00f2 essere applicato anche su superfici umide e bagnate. Indicato per i camper. Possiede un elevata resistenza a condizioni atmosferiche, raggi UV ed alla transitabilit\u00e0. I colori disponibili sono quelli pi\u00f9 richiesti nel mercato ed inoltre, grazie alle sue caratteristiche, la membrana pu\u00f2 essere sovra-verniciata.","og_url":"https:\/\/arcobalenocolorlab.it\/shop\/prodotto\/pittura\/tinteggi\/aqua-block-ms-guaina\/","og_site_name":"Arcobaleno Colorlab","article_modified_time":"2025-09-04T06:47:48+00:00","og_image":[{"url":"https:\/\/arcobalenocolorlab.it\/shop\/wp-content\/uploads\/2020\/11\/AQUA-BLOCK-1kg-IT-002.png","width":500,"height":500,"type":"image\/png"}],"twitter_card":"summary_large_image","twitter_misc":{"Tempo di lettura stimato":"1 minuto"},"schema":{"@context":"https:\/\/schema.org","@graph":[{"@type":"WebPage","@id":"https:\/\/arcobalenocolorlab.it\/shop\/prodotto\/pittura\/tinteggi\/aqua-block-ms-guaina\/","url":"https:\/\/arcobalenocolorlab.it\/shop\/prodotto\/pittura\/tinteggi\/aqua-block-ms-guaina\/","name":"AQUA BLOCK \u2013 MS Guaina - Arcobaleno Colorlab","isPartOf":{"@id":"https:\/\/arcobalenocolorlab.it\/shop\/#website"},"primaryImageOfPage":{"@id":"https:\/\/arcobalenocolorlab.it\/shop\/prodotto\/pittura\/tinteggi\/aqua-block-ms-guaina\/#primaryimage"},"image":{"@id":"https:\/\/arcobalenocolorlab.it\/shop\/prodotto\/pittura\/tinteggi\/aqua-block-ms-guaina\/#primaryimage"},"thumbnailUrl":"https:\/\/arcobalenocolorlab.it\/shop\/wp-content\/uploads\/2020\/11\/AQUA-BLOCK-1kg-IT-002.png","datePublished":"2020-12-21T09:34:11+00:00","dateModified":"2025-09-04T06:47:48+00:00","breadcrumb":{"@id":"https:\/\/arcobalenocolorlab.it\/shop\/prodotto\/pittura\/tinteggi\/aqua-block-ms-guaina\/#breadcrumb"},"inLanguage":"it-IT","potentialAction":[{"@type":"ReadAction","target":["https:\/\/arcobalenocolorlab.it\/shop\/prodotto\/pittura\/tinteggi\/aqua-block-ms-guaina\/"]}]},{"@type":"ImageObject","inLanguage":"it-IT","@id":"https:\/\/arcobalenocolorlab.it\/shop\/prodotto\/pittura\/tinteggi\/aqua-block-ms-guaina\/#primaryimage","url":"https:\/\/arcobalenocolorlab.it\/shop\/wp-content\/uploads\/2020\/11\/AQUA-BLOCK-1kg-IT-002.png","contentUrl":"https:\/\/arcobalenocolorlab.it\/shop\/wp-content\/uploads\/2020\/11\/AQUA-BLOCK-1kg-IT-002.png","width":2000,"height":2000},{"@type":"BreadcrumbList","@id":"https:\/\/arcobalenocolorlab.it\/shop\/prodotto\/pittura\/tinteggi\/aqua-block-ms-guaina\/#breadcrumb","itemListElement":[{"@type":"ListItem","position":1,"name":"Home","item":"https:\/\/arcobalenocolorlab.it\/shop\/"},{"@type":"ListItem","position":2,"name":"Shop","item":"https:\/\/arcobalenocolorlab.it\/shop\/shop\/"},{"@type":"ListItem","position":3,"name":"AQUA BLOCK \u2013 MS Guaina"}]},{"@type":"WebSite","@id":"https:\/\/arcobalenocolorlab.it\/shop\/#website","url":"https:\/\/arcobalenocolorlab.it\/shop\/","name":"Arcobaleno Colorlab","description":"","publisher":{"@id":"https:\/\/arcobalenocolorlab.it\/shop\/#organization"},"potentialAction":[{"@type":"SearchAction","target":{"@type":"EntryPoint","urlTemplate":"https:\/\/arcobalenocolorlab.it\/shop\/?s={search_term_string}"},"query-input":{"@type":"PropertyValueSpecification","valueRequired":true,"valueName":"search_term_string"}}],"inLanguage":"it-IT"},{"@type":"Organization","@id":"https:\/\/arcobalenocolorlab.it\/shop\/#organization","name":"Arcobaleno Colorlab","url":"https:\/\/arcobalenocolorlab.it\/shop\/","logo":{"@type":"ImageObject","inLanguage":"it-IT","@id":"https:\/\/arcobalenocolorlab.it\/shop\/#\/schema\/logo\/image\/","url":"https:\/\/arcobalenocolorlab.it\/shop\/wp-content\/uploads\/2020\/09\/logo-arcobaleno.png","contentUrl":"https:\/\/arcobalenocolorlab.it\/shop\/wp-content\/uploads\/2020\/09\/logo-arcobaleno.png","width":300,"height":250,"caption":"Arcobaleno Colorlab"},"image":{"@id":"https:\/\/arcobalenocolorlab.it\/shop\/#\/schema\/logo\/image\/"}}]}},"jetpack_sharing_enabled":true,"_links":{"self":[{"href":"https:\/\/arcobalenocolorlab.it\/shop\/wp-json\/wp\/v2\/product\/509","targetHints":{"allow":["GET"]}}],"collection":[{"href":"https:\/\/arcobalenocolorlab.it\/shop\/wp-json\/wp\/v2\/product"}],"about":[{"href":"https:\/\/arcobalenocolorlab.it\/shop\/wp-json\/wp\/v2\/types\/product"}],"replies":[{"embeddable":true,"href":"https:\/\/arcobalenocolorlab.it\/shop\/wp-json\/wp\/v2\/comments?post=509"}],"wp:featuredmedia":[{"embeddable":true,"href":"https:\/\/arcobalenocolorlab.it\/shop\/wp-json\/wp\/v2\/media\/406"}],"wp:attachment":[{"href":"https:\/\/arcobalenocolorlab.it\/shop\/wp-json\/wp\/v2\/media?parent=509"}],"wp:term":[{"taxonomy":"product_brand","embeddable":true,"href":"https:\/\/arcobalenocolorlab.it\/shop\/wp-json\/wp\/v2\/product_brand?post=509"},{"taxonomy":"product_cat","embeddable":true,"href":"https:\/\/arcobalenocolorlab.it\/shop\/wp-json\/wp\/v2\/product_cat?post=509"},{"taxonomy":"product_tag","embeddable":true,"href":"https:\/\/arcobalenocolorlab.it\/shop\/wp-json\/wp\/v2\/product_tag?post=509"}],"curies":[{"name":"wp","href":"https:\/\/api.w.org\/{rel}","templated":true}]}}