{"id":998,"date":"2020-12-31T09:51:20","date_gmt":"2020-12-31T08:51:20","guid":{"rendered":"https:\/\/arcobalenocolorlab.it\/new\/shop\/?post_type=product&#038;p=998"},"modified":"2025-12-01T21:30:13","modified_gmt":"2025-12-01T20:30:13","slug":"017-running-fondo-universale-per-pitture","status":"publish","type":"product","link":"https:\/\/arcobalenocolorlab.it\/shop\/prodotto\/pittura\/tinteggi\/017-running-fondo-universale-per-pitture\/","title":{"rendered":"017 Running &#8211; Fondo universale per pitture"},"content":{"rendered":"<table class=\"scheda_table\">\n<tbody>\n<tr>\n<th>Peso Specifico<\/th>\n<td>1.440 g\/L<\/td>\n<\/tr>\n<tr>\n<th>Colori<\/th>\n<td>Bianco<\/td>\n<\/tr>\n<tr>\n<th>Confezioni<\/th>\n<td>750 ml \/ 2,5 lt<\/td>\n<\/tr>\n<tr>\n<th>Resa<\/th>\n<td>10 &#8211; 12 mq\/lt per mano<\/td>\n<\/tr>\n<tr>\n<th>Diluizione<\/th>\n<td>0 &#8211; 5% Acqua<\/td>\n<\/tr>\n<tr>\n<th>Essicazione<\/th>\n<td>40 min. fuori polvere, 2 h profondita`<\/td>\n<\/tr>\n<tr>\n<th>Temperatura<\/th>\n<td>Min 5 -C &#8211; Max 40 -C<\/td>\n<\/tr>\n<tr>\n<th>Sovraverniciatura<\/th>\n<td>Minimo 4 ore<\/td>\n<\/tr>\n<\/tbody>\n<\/table>\n<p>&nbsp;<\/p>\n<p><a href=\"https:\/\/www.covemavernici.com\/php\/sync\/xml\/files\/33.017-TDS-Rev04-Running.pdf\"><strong>SCHEDA TECNICA<\/strong><\/a><\/p>\n","protected":false},"excerpt":{"rendered":"<p>Fondo opaco universale inodore ad acqua. Ottima pennellabilit\u00e0, distensione, carteggiabilit\u00e0 e rapidit\u00e0 di essiccazione consentono di accelerare notevolmente i tempi di lavorazione. Sovraverniciabile con tutte le mani a finire, all&#8217;acqua e sintetiche, \u00e8 ideale come fondo per un ciclo completamente ecologico.<\/p>\n","protected":false},"featured_media":999,"comment_status":"open","ping_status":"closed","template":"","meta":[],"product_brand":[],"product_cat":[65,82],"product_tag":[],"class_list":{"0":"post-998","1":"product","2":"type-product","3":"status-publish","4":"has-post-thumbnail","6":"product_cat-tinteggi","7":"product_cat-tinteggi-interni","9":"first","10":"instock","11":"taxable","12":"shipping-taxable","13":"purchasable","14":"product-type-variable"},"yoast_head":"<!-- This site is optimized with the Yoast SEO plugin v27.4 - https:\/\/yoast.com\/product\/yoast-seo-wordpress\/ -->\n<title>017 Running - Fondo universale per pitture - Arcobaleno Colorlab<\/title>\n<meta name=\"robots\" content=\"index, follow, max-snippet:-1, max-image-preview:large, max-video-preview:-1\" \/>\n<link rel=\"canonical\" href=\"https:\/\/arcobalenocolorlab.it\/shop\/prodotto\/pittura\/tinteggi\/017-running-fondo-universale-per-pitture\/\" \/>\n<meta property=\"og:locale\" content=\"it_IT\" \/>\n<meta property=\"og:type\" content=\"article\" \/>\n<meta property=\"og:title\" content=\"017 Running - Fondo universale per pitture - Arcobaleno Colorlab\" \/>\n<meta property=\"og:description\" content=\"Fondo opaco universale inodore ad acqua. Ottima pennellabilit\u00e0, distensione, carteggiabilit\u00e0 e rapidit\u00e0 di essiccazione consentono di accelerare notevolmente i tempi di lavorazione. Sovraverniciabile con tutte le mani a finire, all&#039;acqua e sintetiche, \u00e8 ideale come fondo per un ciclo completamente ecologico.\" \/>\n<meta property=\"og:url\" content=\"https:\/\/arcobalenocolorlab.it\/shop\/prodotto\/pittura\/tinteggi\/017-running-fondo-universale-per-pitture\/\" \/>\n<meta property=\"og:site_name\" content=\"Arcobaleno Colorlab\" \/>\n<meta property=\"article:modified_time\" content=\"2025-12-01T20:30:13+00:00\" \/>\n<meta property=\"og:image\" content=\"https:\/\/arcobalenocolorlab.it\/shop\/wp-content\/uploads\/2020\/12\/33017.jpg\" \/>\n\t<meta property=\"og:image:width\" content=\"300\" \/>\n\t<meta property=\"og:image:height\" content=\"300\" \/>\n\t<meta property=\"og:image:type\" content=\"image\/jpeg\" \/>\n<meta name=\"twitter:card\" content=\"summary_large_image\" \/>\n<script type=\"application\/ld+json\" class=\"yoast-schema-graph\">{\"@context\":\"https:\\\/\\\/schema.org\",\"@graph\":[{\"@type\":\"WebPage\",\"@id\":\"https:\\\/\\\/arcobalenocolorlab.it\\\/shop\\\/prodotto\\\/pittura\\\/tinteggi\\\/017-running-fondo-universale-per-pitture\\\/\",\"url\":\"https:\\\/\\\/arcobalenocolorlab.it\\\/shop\\\/prodotto\\\/pittura\\\/tinteggi\\\/017-running-fondo-universale-per-pitture\\\/\",\"name\":\"017 Running - Fondo universale per pitture - Arcobaleno Colorlab\",\"isPartOf\":{\"@id\":\"https:\\\/\\\/arcobalenocolorlab.it\\\/shop\\\/#website\"},\"primaryImageOfPage\":{\"@id\":\"https:\\\/\\\/arcobalenocolorlab.it\\\/shop\\\/prodotto\\\/pittura\\\/tinteggi\\\/017-running-fondo-universale-per-pitture\\\/#primaryimage\"},\"image\":{\"@id\":\"https:\\\/\\\/arcobalenocolorlab.it\\\/shop\\\/prodotto\\\/pittura\\\/tinteggi\\\/017-running-fondo-universale-per-pitture\\\/#primaryimage\"},\"thumbnailUrl\":\"https:\\\/\\\/arcobalenocolorlab.it\\\/shop\\\/wp-content\\\/uploads\\\/2020\\\/12\\\/33017.jpg\",\"datePublished\":\"2020-12-31T08:51:20+00:00\",\"dateModified\":\"2025-12-01T20:30:13+00:00\",\"breadcrumb\":{\"@id\":\"https:\\\/\\\/arcobalenocolorlab.it\\\/shop\\\/prodotto\\\/pittura\\\/tinteggi\\\/017-running-fondo-universale-per-pitture\\\/#breadcrumb\"},\"inLanguage\":\"it-IT\",\"potentialAction\":[{\"@type\":\"ReadAction\",\"target\":[\"https:\\\/\\\/arcobalenocolorlab.it\\\/shop\\\/prodotto\\\/pittura\\\/tinteggi\\\/017-running-fondo-universale-per-pitture\\\/\"]}]},{\"@type\":\"ImageObject\",\"inLanguage\":\"it-IT\",\"@id\":\"https:\\\/\\\/arcobalenocolorlab.it\\\/shop\\\/prodotto\\\/pittura\\\/tinteggi\\\/017-running-fondo-universale-per-pitture\\\/#primaryimage\",\"url\":\"https:\\\/\\\/arcobalenocolorlab.it\\\/shop\\\/wp-content\\\/uploads\\\/2020\\\/12\\\/33017.jpg\",\"contentUrl\":\"https:\\\/\\\/arcobalenocolorlab.it\\\/shop\\\/wp-content\\\/uploads\\\/2020\\\/12\\\/33017.jpg\",\"width\":300,\"height\":300},{\"@type\":\"BreadcrumbList\",\"@id\":\"https:\\\/\\\/arcobalenocolorlab.it\\\/shop\\\/prodotto\\\/pittura\\\/tinteggi\\\/017-running-fondo-universale-per-pitture\\\/#breadcrumb\",\"itemListElement\":[{\"@type\":\"ListItem\",\"position\":1,\"name\":\"Home\",\"item\":\"https:\\\/\\\/arcobalenocolorlab.it\\\/shop\\\/\"},{\"@type\":\"ListItem\",\"position\":2,\"name\":\"Shop\",\"item\":\"https:\\\/\\\/arcobalenocolorlab.it\\\/shop\\\/shop\\\/\"},{\"@type\":\"ListItem\",\"position\":3,\"name\":\"017 Running &#8211; Fondo universale per pitture\"}]},{\"@type\":\"WebSite\",\"@id\":\"https:\\\/\\\/arcobalenocolorlab.it\\\/shop\\\/#website\",\"url\":\"https:\\\/\\\/arcobalenocolorlab.it\\\/shop\\\/\",\"name\":\"Arcobaleno Colorlab\",\"description\":\"\",\"publisher\":{\"@id\":\"https:\\\/\\\/arcobalenocolorlab.it\\\/shop\\\/#organization\"},\"potentialAction\":[{\"@type\":\"SearchAction\",\"target\":{\"@type\":\"EntryPoint\",\"urlTemplate\":\"https:\\\/\\\/arcobalenocolorlab.it\\\/shop\\\/?s={search_term_string}\"},\"query-input\":{\"@type\":\"PropertyValueSpecification\",\"valueRequired\":true,\"valueName\":\"search_term_string\"}}],\"inLanguage\":\"it-IT\"},{\"@type\":\"Organization\",\"@id\":\"https:\\\/\\\/arcobalenocolorlab.it\\\/shop\\\/#organization\",\"name\":\"Arcobaleno Colorlab\",\"url\":\"https:\\\/\\\/arcobalenocolorlab.it\\\/shop\\\/\",\"logo\":{\"@type\":\"ImageObject\",\"inLanguage\":\"it-IT\",\"@id\":\"https:\\\/\\\/arcobalenocolorlab.it\\\/shop\\\/#\\\/schema\\\/logo\\\/image\\\/\",\"url\":\"https:\\\/\\\/arcobalenocolorlab.it\\\/shop\\\/wp-content\\\/uploads\\\/2020\\\/09\\\/logo-arcobaleno.png\",\"contentUrl\":\"https:\\\/\\\/arcobalenocolorlab.it\\\/shop\\\/wp-content\\\/uploads\\\/2020\\\/09\\\/logo-arcobaleno.png\",\"width\":300,\"height\":250,\"caption\":\"Arcobaleno Colorlab\"},\"image\":{\"@id\":\"https:\\\/\\\/arcobalenocolorlab.it\\\/shop\\\/#\\\/schema\\\/logo\\\/image\\\/\"}}]}<\/script>\n<!-- \/ Yoast SEO plugin. -->","yoast_head_json":{"title":"017 Running - Fondo universale per pitture - Arcobaleno Colorlab","robots":{"index":"index","follow":"follow","max-snippet":"max-snippet:-1","max-image-preview":"max-image-preview:large","max-video-preview":"max-video-preview:-1"},"canonical":"https:\/\/arcobalenocolorlab.it\/shop\/prodotto\/pittura\/tinteggi\/017-running-fondo-universale-per-pitture\/","og_locale":"it_IT","og_type":"article","og_title":"017 Running - Fondo universale per pitture - Arcobaleno Colorlab","og_description":"Fondo opaco universale inodore ad acqua. Ottima pennellabilit\u00e0, distensione, carteggiabilit\u00e0 e rapidit\u00e0 di essiccazione consentono di accelerare notevolmente i tempi di lavorazione. Sovraverniciabile con tutte le mani a finire, all'acqua e sintetiche, \u00e8 ideale come fondo per un ciclo completamente ecologico.","og_url":"https:\/\/arcobalenocolorlab.it\/shop\/prodotto\/pittura\/tinteggi\/017-running-fondo-universale-per-pitture\/","og_site_name":"Arcobaleno Colorlab","article_modified_time":"2025-12-01T20:30:13+00:00","og_image":[{"width":300,"height":300,"url":"https:\/\/arcobalenocolorlab.it\/shop\/wp-content\/uploads\/2020\/12\/33017.jpg","type":"image\/jpeg"}],"twitter_card":"summary_large_image","schema":{"@context":"https:\/\/schema.org","@graph":[{"@type":"WebPage","@id":"https:\/\/arcobalenocolorlab.it\/shop\/prodotto\/pittura\/tinteggi\/017-running-fondo-universale-per-pitture\/","url":"https:\/\/arcobalenocolorlab.it\/shop\/prodotto\/pittura\/tinteggi\/017-running-fondo-universale-per-pitture\/","name":"017 Running - Fondo universale per pitture - Arcobaleno Colorlab","isPartOf":{"@id":"https:\/\/arcobalenocolorlab.it\/shop\/#website"},"primaryImageOfPage":{"@id":"https:\/\/arcobalenocolorlab.it\/shop\/prodotto\/pittura\/tinteggi\/017-running-fondo-universale-per-pitture\/#primaryimage"},"image":{"@id":"https:\/\/arcobalenocolorlab.it\/shop\/prodotto\/pittura\/tinteggi\/017-running-fondo-universale-per-pitture\/#primaryimage"},"thumbnailUrl":"https:\/\/arcobalenocolorlab.it\/shop\/wp-content\/uploads\/2020\/12\/33017.jpg","datePublished":"2020-12-31T08:51:20+00:00","dateModified":"2025-12-01T20:30:13+00:00","breadcrumb":{"@id":"https:\/\/arcobalenocolorlab.it\/shop\/prodotto\/pittura\/tinteggi\/017-running-fondo-universale-per-pitture\/#breadcrumb"},"inLanguage":"it-IT","potentialAction":[{"@type":"ReadAction","target":["https:\/\/arcobalenocolorlab.it\/shop\/prodotto\/pittura\/tinteggi\/017-running-fondo-universale-per-pitture\/"]}]},{"@type":"ImageObject","inLanguage":"it-IT","@id":"https:\/\/arcobalenocolorlab.it\/shop\/prodotto\/pittura\/tinteggi\/017-running-fondo-universale-per-pitture\/#primaryimage","url":"https:\/\/arcobalenocolorlab.it\/shop\/wp-content\/uploads\/2020\/12\/33017.jpg","contentUrl":"https:\/\/arcobalenocolorlab.it\/shop\/wp-content\/uploads\/2020\/12\/33017.jpg","width":300,"height":300},{"@type":"BreadcrumbList","@id":"https:\/\/arcobalenocolorlab.it\/shop\/prodotto\/pittura\/tinteggi\/017-running-fondo-universale-per-pitture\/#breadcrumb","itemListElement":[{"@type":"ListItem","position":1,"name":"Home","item":"https:\/\/arcobalenocolorlab.it\/shop\/"},{"@type":"ListItem","position":2,"name":"Shop","item":"https:\/\/arcobalenocolorlab.it\/shop\/shop\/"},{"@type":"ListItem","position":3,"name":"017 Running &#8211; Fondo universale per pitture"}]},{"@type":"WebSite","@id":"https:\/\/arcobalenocolorlab.it\/shop\/#website","url":"https:\/\/arcobalenocolorlab.it\/shop\/","name":"Arcobaleno Colorlab","description":"","publisher":{"@id":"https:\/\/arcobalenocolorlab.it\/shop\/#organization"},"potentialAction":[{"@type":"SearchAction","target":{"@type":"EntryPoint","urlTemplate":"https:\/\/arcobalenocolorlab.it\/shop\/?s={search_term_string}"},"query-input":{"@type":"PropertyValueSpecification","valueRequired":true,"valueName":"search_term_string"}}],"inLanguage":"it-IT"},{"@type":"Organization","@id":"https:\/\/arcobalenocolorlab.it\/shop\/#organization","name":"Arcobaleno Colorlab","url":"https:\/\/arcobalenocolorlab.it\/shop\/","logo":{"@type":"ImageObject","inLanguage":"it-IT","@id":"https:\/\/arcobalenocolorlab.it\/shop\/#\/schema\/logo\/image\/","url":"https:\/\/arcobalenocolorlab.it\/shop\/wp-content\/uploads\/2020\/09\/logo-arcobaleno.png","contentUrl":"https:\/\/arcobalenocolorlab.it\/shop\/wp-content\/uploads\/2020\/09\/logo-arcobaleno.png","width":300,"height":250,"caption":"Arcobaleno Colorlab"},"image":{"@id":"https:\/\/arcobalenocolorlab.it\/shop\/#\/schema\/logo\/image\/"}}]}},"jetpack_sharing_enabled":true,"_links":{"self":[{"href":"https:\/\/arcobalenocolorlab.it\/shop\/wp-json\/wp\/v2\/product\/998","targetHints":{"allow":["GET"]}}],"collection":[{"href":"https:\/\/arcobalenocolorlab.it\/shop\/wp-json\/wp\/v2\/product"}],"about":[{"href":"https:\/\/arcobalenocolorlab.it\/shop\/wp-json\/wp\/v2\/types\/product"}],"replies":[{"embeddable":true,"href":"https:\/\/arcobalenocolorlab.it\/shop\/wp-json\/wp\/v2\/comments?post=998"}],"wp:featuredmedia":[{"embeddable":true,"href":"https:\/\/arcobalenocolorlab.it\/shop\/wp-json\/wp\/v2\/media\/999"}],"wp:attachment":[{"href":"https:\/\/arcobalenocolorlab.it\/shop\/wp-json\/wp\/v2\/media?parent=998"}],"wp:term":[{"taxonomy":"product_brand","embeddable":true,"href":"https:\/\/arcobalenocolorlab.it\/shop\/wp-json\/wp\/v2\/product_brand?post=998"},{"taxonomy":"product_cat","embeddable":true,"href":"https:\/\/arcobalenocolorlab.it\/shop\/wp-json\/wp\/v2\/product_cat?post=998"},{"taxonomy":"product_tag","embeddable":true,"href":"https:\/\/arcobalenocolorlab.it\/shop\/wp-json\/wp\/v2\/product_tag?post=998"}],"curies":[{"name":"wp","href":"https:\/\/api.w.org\/{rel}","templated":true}]}}